{"id":53,"date":"2025-01-22T15:13:17","date_gmt":"2025-01-22T15:13:17","guid":{"rendered":"http:\/\/atnano.sim.tuiasi.ro\/?page_id=53"},"modified":"2025-03-10T15:04:04","modified_gmt":"2025-03-10T15:04:04","slug":"rezultate-cercetare","status":"publish","type":"page","link":"https:\/\/atnano.sim.tuiasi.ro\/en\/rezultate-cercetare\/","title":{"rendered":"Research"},"content":{"rendered":"<p><strong><em>Nanofluids area (selection):<\/em><\/strong><\/p>\n\n\n\n<ul style=\"border-style:none;border-width:0px;margin-right:0px;margin-left:0px\" class=\"wp-block-list is-style-checkmark-list\">\n<li>A. Minea, E. I. Chereches, <em>Nanofluids for electrical applications<\/em>, ISBN 978-0-443-15483-6, Elsevier, 2023.<\/li>\n\n\n\n<li>A.A. Minea, A. Huminic, G. Huminic, Conjugate Heat and Mass Transfer in Nanofluids, Nanofluids and Mass Transfer, pagina 133-187, Editors: Mohammad Reza Rahimpour, Elsevier, 2022<\/li>\n\n\n\n<li>G. Huminic, A. Huminic, A.A. Minea, Magnetic nanofluids and mass transfer mechanism, Nanofluids and Mass Transfer, pg. 189-215, Editors: Mohammad Reza Rahimpour, Elsevier, 2022<\/li>\n\n\n\n<li>A. Minea, Numerical studies on nanoparticle stabilization in ionic liquid medium (IoNanofluids), 30 pages, ch. 5 in Joseph &#8211; Theoretical and Computational Approaches to Predicting Ionic Liquid Properties, Editors: Aswathy Joseph, Suresh Mathew, Academic Press Elsevier, ISBN: 9780128202807, 2020.<\/li>\n\n\n\n<li>A. Minea, Barriers and challenges in hybrid nanofluids development and implementation, 27 pages, ch. 7 in Hybrid Nanofluids for Convection Heat Transfer, Ed. Hafiz Ali, Academic Press Elsevier, ISBN: 9780128192801, 2020.<\/li>\n\n\n\n<li>A. Minea, S.M. Murshed, <em>An insight of ionanofluids flow and heat transfer behavior for solar energy<\/em> in Nanofluids and their Engineering Applications, ed. K.R.V. Subramanian, Tubati Nageswara Rao, Avinash Balakrishnan, Chapter 11, CRC press Taylor &amp; Francis, ISBN 9781138605268 &#8211; CAT# K388492, 2019<\/li>\n\n\n\n<li>A.A. Minea, Advances in Heat Transfer Fluids: from Numerical to Experimental Techniques (532 pag) Ed. A. A. Minea, CRC press Taylor &amp; Francis, ISBN 9781498751858 &#8211; CAT# K27275, 2017.<\/li>\n\n\n\n<li>AA Minea, EI Chereche\u015f, Experimental studies on thermal conductivity and heat transfer of 1-Butyl-3-methylimidazolium tetrafluoroborate ionic liquid and its nanocolloids, International Communications in Heat and Mass Transfer 154, 107406, 2024<\/li>\n\n\n\n<li>E.I. Chereches, D. Bejan, A.A. Minea, Experimental on viscosity and isobaric heat capacity of [C4mim][BF4] ionic liquid with MWCNT nanoparticles, Journal of Molecular Liquids 391 (2023) 123214, 10.1016\/j.molliq.2023.123214, IF = 6.633 (Q1).<\/li>\n\n\n\n<li>E.I. Chereches, D. Bejan, A.A. Minea, Experimental study on viscosity and isobaric heat capacity of PEG 400 enhanced with TiO<sub>2<\/sub> nanoparticles, Alexandria Engineering Journal 81 (2023) 526-263, 10.1016\/j.aej.2023.09.039, IF = 6.626 (Q1).<\/li>\n\n\n\n<li><a>E.I. Chereche\u015f, D. Bejan, C. Ibanescu, M. Danu, A.A. Minea, Nanocolloids based on PEG 400 with MgO nanoparticles: experimental study on viscosity and specific heat, Thermal Science and Engineering Progress 43 (2023) 101985, 10.1016\/j.tsep.2023.101985, IF = 4.56 (Q1).<\/a><\/li>\n\n\n\n<li>E.I. Chereche\u015f, C. Ibanescu, M. Danu, A.A. Minea, Studies on rheological properties and isobaric heat capacity of ZnO &#8211; [C4mim][BF4] nanoparticle enhanced ionic liquid, Journal of Molecular Liquids, 121759 (2023), 10.1016\/j.molliq.2023.121759, IF = 6.633.<\/li>\n\n\n\n<li>E G\u00fcrsoy, M G\u00fcrdal, HK Pazarl\u0131o\u011flu, A Da\u011fdeviren, M Tekir, K Arslan, Engin Gedik, Alina Adriana Minea, H\u00fcseyin Kurt, Effect of Magnetic Field Locations on Thermo-magnetic Convection Performance of Fe3O4\/H2O Ferrofluid Flowing in a Novel Dimpled Tube: An Experimental Study, Applied Thermal Engineering, 120305, 2023<\/li>\n\n\n\n<li>AA Minea, EI Chereche\u015f, State of the art on the development of 1-Butyl-3-methylimidazolium tetrafluoroborate ionic liquid and its nanocolloids, Journal of Molecular Liquids, 120691, 2022<\/li>\n\n\n\n<li>PK Kanti, EI Chereches, AA Minea, KV Sharma, Experiments on thermal properties of ionic liquid enhanced with alumina nanoparticles for solar applications, Journal of Thermal Analysis and Calorimetry, 1-12, 2022<\/li>\n\n\n\n<li>M G\u00fcrdal, K Arslan, E Gedik, AA Minea. Effects of using nanofluid, applying a magnetic field, and placing turbulators in channels on the convective heat transfer: A comprehensive review, Renewable and Sustainable Energy Reviews 162, 112453, 2022<\/li>\n\n\n\n<li>M Chereche\u015f, D. Bejan,, EI Chereches, AA Minea, Experimental studies on several properties of PEG 400 and MWCNT nano-enhanced PEG 400 fluids, Journal of Molecular Liquids, 119049, 2022<\/li>\n\n\n\n<li>M Chereches, A Vardaru, G Huminic, I Chereches, AA Minea, A Huminic, Thermal conductivity of stabilized PEG 400 based nanofluids: An experimental approach, International Communications in Heat and Mass Transfer, 130, 105793, 2022<\/li>\n\n\n\n<li>W. M. El-Maghlany, A. A. Minea, Ionanofluids natural convection heat transfer and entropy generation in a rectangular cavity: viscosity influence, Molecular Liquids, 116651, 2021<\/li>\n\n\n\n<li>E.I. Chereche\u015f, J.I. Prado, C. Ibanescu, M. Danu, A.A. Minea, L. Lugo, Viscosity and isobaric heat capacity of alumina Nanoparticle Enhanced Ionic Liquids: an experimental approach, Journal of Molecular Liquids, 114020 (2020), https:\/\/doi.org\/10.1016\/j.molliq.2020.114020.<\/li>\n\n\n\n<li>E I Chereches, A A Minea, K.V. Sharma, A complex evaluation of [C 2 mim][CH 3 SO 3 ]\u2013alumina nanoparticle enhanced ionic liquids internal laminar flow, International Journal of Heat and Mass Transfer, 154 (2020) 119674.<\/li>\n\n\n\n<li>Minea, B. Buonomo, J. Burggraf, D. Ercole, K. R. Karpaiya, A. Di Pasqua, G. Sekrani, J. Steffens, J. Tibaut, N. Wichmann, P. Farber, A. Huminic, G. Huminic, R. Mahu, O. Manca, C. Oprea, S. Poncet, J. Ravnik, , NanoRound: A benchmark study on the numerical approach in nanofluids&#8217; simulation, International Communications in Heat and Mass Transfer, 108 (2019) 104292<\/li>\n\n\n\n<li>EI Chereche\u015f, JI Prado, M Chereche\u015f, AA Minea, L. Lugo, Experimental study on thermophysical properties of alumina nanoparticle enhanced ionic liquids, Journal of Molecular Liquids 291 (2019) 111332<\/li>\n\n\n\n<li>Moldoveanu, G.M., Minea, A.A., Specific heat experimental tests of simple and hybrid oxide-water nanofluids: Proposing new correlation, Journal of Molecular Liquids 279 (2019) 299-305<\/li>\n\n\n\n<li>A. Minea, P. Estelle, Numerical study on CNT nanofluids behavior in laminar pipe flow, Journal of Molecular Liquids, 271 (2018) 281-289<\/li>\n\n\n\n<li>Moldoveanu, G.M., Huminic, G., Minea, A.A., Huminic, A., Experimental study on thermal conductivity of stabilized Al2 O3 and SiO2 nanofluids and their hybrid, International Journal of Heat and Mass Transfer, 127 (2018) 450-457<\/li>\n\n\n\n<li>Minea, A.A., Murshed, S.M.S., A review on development of ionic liquid based nanofluids and their heat transfer behavior, Renewable and Sustainable Energy Reviews, 91 (2018) 584-599<\/li>\n\n\n\n<li>G.M. Moldoveanu, C Ibanescu, M. Danu, A.A. Minea, Viscosity estimation of Al2O3, SiO2 nanofluids and their hybrid: An experimental study, Journal of Molecular Liquids, 253 (2018) 188-196<\/li>\n\n\n\n<li>A. Minea, W. M. El-Maghlany, Influence of hybrid nanofluids on the performance of parabolic trough collectors in solar thermal systems: recent findings and numerical comparison, <em>Renewable energy<\/em>, 120 (2018) 350-364.<\/li>\n\n\n\n<li>S. Akilu, A. T. Baheta, A. A. Minea, K.V. Sharma, Rheology and thermal conductivity of non-porous silica (SiO2) in viscous glycerol and ethylene glycol based nanofluids, <em>International Communications in Heat And Mass Transfer,<\/em> 88 (2017) 245-253<\/li>\n\n\n\n<li>A.A. Minea, Challenges in hybrid nanofluids behavior in turbulent flow: Recent research and numerical comparison, Renewable and Sustainable Energy Reviews, 71 (2017) 426\u2013434<\/li>\n<\/ul>\n\n\n\n<p><\/p>\n\n\n\n<p><\/p>\n\n\n\n<p><strong><em>Thermal analysis area (selection):<\/em><\/strong>:<\/p>\n\n\n\n<ul class=\"wp-block-list is-style-checkmark-list\">\n<li>N.-M. LOHAN, B. Pricop, L. G. Bujoreanu, <em>Tehnici avansate de analiz\u0103 termic\u0103. \u00cendrumar de laborator<\/em>. Ed. Performantica, ISBN 978-606-685-736-9, (2020)<\/li>\n\n\n\n<li>L. G. Bujoreanu, N. M. Lohan, B. Pricop; N. Cimpoe\u015fu,&nbsp; <em>Thermal memory degradation in a Cu-Zn-Al shape memory alloy during thermal cycling with free air cooling<\/em>, Journal of Materials Engineering and Performance, 20, 3, pp. 468-475, (2011)<\/li>\n\n\n\n<li><em>B. <\/em>Pricop, U. Soyler, N. M. Lohan, B. Ozkal, L.G. Bujoreanu, D. Chicet, C. Munteanu,<em> Thermal behavior of mechanically alloyed powders used for producing an Fe-Mn-Si-Cr-Ni shape memory alloy, <\/em>Journal of Materials Engineering and Performance, 21, pp. 2407-2416, (2012)<\/li>\n\n\n\n<li>N. M. Lohan, L. G. Bujoreanu, C. Baciu<em>, Influence of temperature variation rate on calorimetric response during heating and on martensite structure obtained after subsequent cooling of a Cu-Zn-Al shape memory alloy, <\/em>Micro &amp; Nano Letters, 7, 6, pp. 540\u2013543, (2012)<\/li>\n\n\n\n<li>N. M. Lohan, L. G. Bujoreanu, C. Baciu, <em>Influence of temperature variation rate on calorimetric response during heating and on martensite structure obtained after subsequent cooling of a Cu-Zn-Al shape memory alloy<\/em>, Micro &amp; Nano Letters, 7, 6, Page 540-543, (2012)<\/li>\n\n\n\n<li>G. Vitel, M.Suru, A. Parachiv, N. M. Lohan, B. Pricop, M. Baciu, L.G. Bujoreanu, <em>Structural effects of training cycles in shape memory actuators for temperature control<\/em>, Materials and Manufacturing Processes, 28, Issue: 1, 79-84, &nbsp;(2012), (Q2)<\/li>\n\n\n\n<li>D. Nedelcu, C. Ciuofu, N. M. Lohan, <em>Microindentation and differential scanning calorimetry of \u201cliquid wood\u201d<\/em>, Composites Part B: Engineering&nbsp; 55, Page 11-15, (2014), IF: 13.1 (Q1)<\/li>\n\n\n\n<li>M. Lohan, M.-G. Suru, B. Pricop, and L.-Gh. Bujoreanu, <em>Cooling rate effects on the structure and transformation behavior of Cu-Zn-Al shape memory alloys<\/em>, International Journal of Minerals, Metallurgy and Materials, 21, 11, Page 1109-1114, (2014) IF: 4.8, (Q1)<\/li>\n\n\n\n<li>D. Nedelcu, N.M. Lohan, I. Volf, R.I. Com\u0103neci, <em>Thermal behaviour and stability of the Arboform (R) LV3 nature liquid wood<\/em>, Composites Part. B, 103, Page 84-89, (2016) IF: 13.1 (Q1)<\/li>\n\n\n\n<li>N.M.Lohan, P. Bogdan, B. Lucian, L. G. Bujoreanu, <em>Using DSC for the detection of diffusion-controlled phenomena in Cu-based shape memory alloys<\/em>, Journal of Thermal Analysis and Calorimetry,&nbsp; 131, 1, Page 215-244, (2018) IF: 4.4 (Q1)<\/li>\n\n\n\n<li>S-N. Mazurchevici, J.G. Motas, M. Diaconu, G. Lisa, N.M. Lohan, M. Glod, D. Nedelcu,&nbsp; <em>Nanocomposite Biopolymer Arboblend V2 Nature AgNPs<\/em>, Polymers, 13, 17, (2021) IF: 5 (Q1)<\/li>\n\n\n\n<li>Pricop, B.; Sava, \u0218.D.; Lohan, N.-M.; Bujoreanu, L.-G. <em>DMA<\/em> <em>Investigation of the Factors Influencing the Glass Transition in 3D Printed Specimens of Shape Memory Recycled PET<\/em>. Polymers, 14, 11, (2022) IF: 5 (Q1)<\/li>\n\n\n\n<li>Sava, \u0218.-D.; Lohan, N.-M.; Pricop, B.; Popa, M.; Cimpoe\u0219u, N.; Com\u0103neci, R.-I.; Bujoreanu, L.-G. <em>On the Thermomechanical Behavior of 3D-Printed Specimens of Shape Memory R-PETG<\/em>. Polymers, Volume 15, Issue 10, (2023) IF: 5 (Q1) Sava, S.D.,&nbsp;&nbsp; Pricop, B.,&nbsp;&nbsp; Comaneci, RI.,&nbsp;&nbsp; Cimpoesu, N.,&nbsp;&nbsp; Popa, M.,&nbsp;&nbsp; Lohan, NM.,&nbsp;&nbsp; Bujoreanu, LG., <em>Variations in the Thermomechanical and Structural Properties during the Cooling of Shape-Memory R-PETG<\/em>, Polymers, 16, 14, (2024), IF: 5 (Q1)<\/li>\n<\/ul>","protected":false},"excerpt":{"rendered":"<p>Domeniul nanofluide (selec\u0163ie): Domeniul analiz\u0103 termic\u0103 (selec\u0163ie):<\/p>","protected":false},"author":2,"featured_media":0,"parent":0,"menu_order":0,"comment_status":"closed","ping_status":"closed","template":"","meta":{"advgb_blocks_editor_width":"","advgb_blocks_columns_visual_guide":"","footnotes":""},"class_list":["post-53","page","type-page","status-publish","hentry"],"coauthors":[],"author_meta":{"author_link":"https:\/\/atnano.sim.tuiasi.ro\/en\/author\/bogdan_atnano\/","display_name":"Bogdan_atnano"},"relative_dates":{"created":"Posted 1 year ago","modified":"Updated 1 year ago"},"absolute_dates":{"created":"Posted on January 22, 2025","modified":"Updated on March 10, 2025"},"absolute_dates_time":{"created":"Posted on January 22, 2025 3:13 pm","modified":"Updated on March 10, 2025 3:04 pm"},"featured_img_caption":"","featured_img":false,"series_order":"","_links":{"self":[{"href":"https:\/\/atnano.sim.tuiasi.ro\/en\/wp-json\/wp\/v2\/pages\/53","targetHints":{"allow":["GET"]}}],"collection":[{"href":"https:\/\/atnano.sim.tuiasi.ro\/en\/wp-json\/wp\/v2\/pages"}],"about":[{"href":"https:\/\/atnano.sim.tuiasi.ro\/en\/wp-json\/wp\/v2\/types\/page"}],"author":[{"embeddable":true,"href":"https:\/\/atnano.sim.tuiasi.ro\/en\/wp-json\/wp\/v2\/users\/2"}],"replies":[{"embeddable":true,"href":"https:\/\/atnano.sim.tuiasi.ro\/en\/wp-json\/wp\/v2\/comments?post=53"}],"version-history":[{"count":5,"href":"https:\/\/atnano.sim.tuiasi.ro\/en\/wp-json\/wp\/v2\/pages\/53\/revisions"}],"predecessor-version":[{"id":138,"href":"https:\/\/atnano.sim.tuiasi.ro\/en\/wp-json\/wp\/v2\/pages\/53\/revisions\/138"}],"wp:attachment":[{"href":"https:\/\/atnano.sim.tuiasi.ro\/en\/wp-json\/wp\/v2\/media?parent=53"}],"curies":[{"name":"wp","href":"https:\/\/api.w.org\/{rel}","templated":true}]}}