{"id":47,"date":"2025-01-22T15:11:12","date_gmt":"2025-01-22T15:11:12","guid":{"rendered":"http:\/\/atnano.sim.tuiasi.ro\/?page_id=47"},"modified":"2025-03-10T15:09:04","modified_gmt":"2025-03-10T15:09:04","slug":"proiecte","status":"publish","type":"page","link":"https:\/\/atnano.sim.tuiasi.ro\/en\/proiecte\/","title":{"rendered":"Projects"},"content":{"rendered":"<p>(extras)<\/p>\n\n\n\n\n<table>\n<tr>\n\t<th>Code<\/th>\n\t<th>Title<\/th>\n\t<th>Year<\/th>\n\n<\/tr>\n<tr>\n\t<td><span class='mobile-head'>Head1<\/span>MCT-EXCELEN\u021aA \u2013 ET ct. no.5882\/2006<\/td>\n\t<td><span class='mobile-head'>Head2<\/span>Reducing energy consumption of heating installations at medium temperatures by intensifying heat and mass transfer processes<\/td>\n\t<td><span class='mobile-head'>Head3<\/span>2006-2008<\/td>\n<\/tr>\n<tr>\n\t<td><span class='mobile-head'>Head1<\/span>PNCD II-IDEI-Ct. no. 81\/01.10.2007<\/td>\n\t<td><span class='mobile-head'>Head2<\/span>Experimental and CFD techniques for energy optimization of electric furnaces by modifying the geometry of the workspace Project manager: Alina Adriana Minea<\/td>\n\t<td><span class='mobile-head'>Head3<\/span>2007-2009<\/td>\n<\/tr>\n<tr>\n\t<td><span class='mobile-head'>Head1<\/span>COST Action CA 15119<\/td>\n\t<td><span class='mobile-head'>Head2<\/span>Overcoming Barriers to Nanofluids Market Uptake (NANO-UPTAKE) Dissemination manager: Alina Adriana Minea<\/td>\n\t<td><span class='mobile-head'>Head3<\/span>2016 &#8211; 2020<\/td>\n<\/tr>\n<tr>\n\t<td><span class='mobile-head'>Head1<\/span>COST CIG Action CIG-15119<\/td>\n\t<td><span class='mobile-head'>Head2<\/span>Nanofluids for convective heat transfer devices Dissemination manager: Alina Adriana Minea<\/td>\n\t<td><span class='mobile-head'>Head3<\/span>2020 &#8211; 2021<\/td>\n<\/tr>\n<tr>\n\t<td><span class='mobile-head'>Head1<\/span>PN III \u2013 Programme 1 \u2013PD 36\/2022<\/td>\n\t<td><span class='mobile-head'>Head2<\/span>New ionic liquids enhanced with nanoparticles for heat transfer applications Mentor: Alina Adriana Minea Project manager: Elena Ionela Chereche\u0219<\/td>\n\t<td><span class='mobile-head'>Head3<\/span>19.04.2022 \u2013 20.04.2024<\/td>\n<\/tr>\n<tr>\n\t<td><span class='mobile-head'>Head1<\/span>PN IV, Programme 5.1 \u2013 Ideas, PN-IV-P1-PCE-2023-0171 Ct. no. 18PCE \/ 08.01.2025<\/td>\n\t<td><span class='mobile-head'>Head2<\/span>FluidExAp: NEW THERMAL TRANSFER FLUIDS IN HEAT EXCHANGE OPERATIONS Project manager: Alina Adriana Minea<\/td>\n\t<td><span class='mobile-head'>Head3<\/span>2025-2027<\/td>\n<\/tr>\n<tr>\n\t<td><span class='mobile-head'>Head1<\/span>PN IV,T UIASI-GI-2018 -1420<\/td>\n\t<td><span class='mobile-head'>Head2<\/span>Design and characterization of a multifunctional material with shape memory effect for medical applications<\/td>\n\t<td><span class='mobile-head'>Head3<\/span>2018-2019<\/td>\n<\/tr>\n<tr>\n\t<td><span class='mobile-head'>Head1<\/span>TUIASI-GI-2018-PN-III-P1-1.1-TE-2016-0273<\/td>\n\t<td><span class='mobile-head'>Head2<\/span>New aspects regarding the effect of thermo-mechanical stresses in dynamic regime on the physico-chemical behavior of Ti-Ni-X shape memory alloys<\/td>\n\t<td><span class='mobile-head'>Head3<\/span>2018-2019<\/td>\n<\/tr>\n<tr>\n\t<td><span class='mobile-head'>Head1<\/span>PN-III-P1-1.2-PCCDI-2017-0239<\/td>\n\t<td><span class='mobile-head'>Head2<\/span>Obtaining and expertizing new biocompatible materials for medical applications<\/td>\n\t<td><span class='mobile-head'>Head3<\/span>2018-2020<\/td>\n<\/tr>\n<tr>\n\t<td><span class='mobile-head'>Head1<\/span>PN-III-P2-2.1-PED-2019-4138<\/td>\n\t<td><span class='mobile-head'>Head2<\/span>Smart composite system with self-controllable configuration consisting of shape memory alloys \/ amorphous magnetic materials embedded in elastomeric matrices<\/td>\n\t<td><span class='mobile-head'>Head3<\/span>2020-2022<\/td>\n<\/tr>\n<\/table>\n\n\n\n<div style=\"height:100px\" aria-hidden=\"true\" class=\"wp-block-spacer\"><\/div>\n<style class=\"advgb-styles-renderer\">\ntable {border: 1px solid #000000;border-collapse: collapse; margin: 0 auto;  padding: 0px;table-layout: fixed;min-width: 80%;}table th {text-align: center;padding: 8px;border: 1px solid #000000;background:#1b90bb;color:#FFFFFF;font-weight:bold;text-align:center}table td{padding: 8px;border: 1px solid #000000;}table tr{background-color: #dddddd;color:#000000;text-align:center;}table .mobile-head {display:none;}table .show-on-mobile {display:none;}@media screen and (max-width: 600px) {table {border: 1px solid #000000;border-collapse: collapse; margin: 0 auto;  padding: 0px;table-layout: fixed;min-width: 100%;}table td{padding: 8px;border: 1px solid #000000;display: block;text-align: right;width: 100%\\9;  float: left\\9;}table tr{background-color: #dddddd;color:#000000;text-align:right;margin:8px}table tr:first-child {display:none;}table tr{display: block;}table td:not(:first-child){border-top:0px;}table .mobile-head{font-weight:bold;color:#000000;float:left;text-align:left;display:block}table .show-on-mobile {display:block;}}\n<\/style>","protected":false},"excerpt":{"rendered":"<p>(extras) Cod proiect Denumire Perioada de desf\u0103\u0219urare Head1Programul MCT-EXCELEN\u021aA \u2013 ET Contract de finan\u021bare nr.5882\/2006 Head2Reducerea consumurilor energetice ale instala\u021biilor de \u00eenc\u0103lzire la temperaturi medii prin intensificarea proceselor de transfer de c\u0103ldur\u0103 \u0219i mas\u0103 Head32006-2008 Head1Programul PNCD II-IDEI-Contract de finan\u021bare nr. 81\/01.10.2007 Head2Tehnici experimentale \u0219i CFD pentru optimizarea energetic\u0103 a cuptoarelor electrice prin modificarea geometriei [&hellip;]<\/p>","protected":false},"author":2,"featured_media":0,"parent":0,"menu_order":0,"comment_status":"closed","ping_status":"closed","template":"","meta":{"advgb_blocks_editor_width":"","advgb_blocks_columns_visual_guide":"","footnotes":""},"class_list":["post-47","page","type-page","status-publish","hentry"],"coauthors":[],"author_meta":{"author_link":"https:\/\/atnano.sim.tuiasi.ro\/en\/author\/bogdan_atnano\/","display_name":"Bogdan_atnano"},"relative_dates":{"created":"Posted 1 year ago","modified":"Updated 1 year ago"},"absolute_dates":{"created":"Posted on January 22, 2025","modified":"Updated on March 10, 2025"},"absolute_dates_time":{"created":"Posted on January 22, 2025 3:11 pm","modified":"Updated on March 10, 2025 3:09 pm"},"featured_img_caption":"","featured_img":false,"series_order":"","_links":{"self":[{"href":"https:\/\/atnano.sim.tuiasi.ro\/en\/wp-json\/wp\/v2\/pages\/47","targetHints":{"allow":["GET"]}}],"collection":[{"href":"https:\/\/atnano.sim.tuiasi.ro\/en\/wp-json\/wp\/v2\/pages"}],"about":[{"href":"https:\/\/atnano.sim.tuiasi.ro\/en\/wp-json\/wp\/v2\/types\/page"}],"author":[{"embeddable":true,"href":"https:\/\/atnano.sim.tuiasi.ro\/en\/wp-json\/wp\/v2\/users\/2"}],"replies":[{"embeddable":true,"href":"https:\/\/atnano.sim.tuiasi.ro\/en\/wp-json\/wp\/v2\/comments?post=47"}],"version-history":[{"count":5,"href":"https:\/\/atnano.sim.tuiasi.ro\/en\/wp-json\/wp\/v2\/pages\/47\/revisions"}],"predecessor-version":[{"id":142,"href":"https:\/\/atnano.sim.tuiasi.ro\/en\/wp-json\/wp\/v2\/pages\/47\/revisions\/142"}],"wp:attachment":[{"href":"https:\/\/atnano.sim.tuiasi.ro\/en\/wp-json\/wp\/v2\/media?parent=47"}],"curies":[{"name":"wp","href":"https:\/\/api.w.org\/{rel}","templated":true}]}}