{"id":36,"date":"2025-01-22T14:46:58","date_gmt":"2025-01-22T14:46:58","guid":{"rendered":"http:\/\/atnano.sim.tuiasi.ro\/?page_id=36"},"modified":"2025-03-11T10:45:10","modified_gmt":"2025-03-11T10:45:10","slug":"membri","status":"publish","type":"page","link":"https:\/\/atnano.sim.tuiasi.ro\/en\/membri\/","title":{"rendered":"Members"},"content":{"rendered":"<script>\n  window.console = window.console || function(t) {};\n<\/script>\n \n  \n  <script>\n  if (document.location.search.match(\/type=embed\/gi)) {\n    window.parent.postMessage(\"resize\", \"*\");\n  }\n<\/script>\n<div class=\"chenar\" style=\"margin-left: auto;margin-right: auto;\">\n    <div class=\"profile profile-imgonly\">\n      <div class=\"profile__image\"><img decoding=\"async\" src=\"https:\/\/sim.tuiasi.ro\/wp-content\/uploads\/2020\/10\/Alina-Adriana-Minea.gif\" alt=\"Alina-Adriana MINEA\"><\/a><\/div>\n      <div class=\"profile__info\">\n        <h3>Alina-Adriana MINEA<\/h3>\n\t\t<h6>Professor (Coordinator)<\/h6>\n      <\/div>\n      <div class=\"profile__cta\"><ul>\n          <li><a href=\"https:\/\/sim.tuiasi.ro\/wp-content\/uploads\/2024\/09\/Minea-CV_romana-Sept-2024.pdf\" target=\"_blank\" rel=\"noopener noreferrer\">CV<\/a><\/li>\n          <li><a href=\"https:\/\/scholar.google.ro\/citations?user=Hxb-CuAAAAAJ&amp;hl=ro&amp;oi=ao\" target=\"_blank\" rel=\"noopener noreferrer\">Research<\/a><\/li>\n          <li><a href=\"mailto:alina-adriana.minea@academic.tuiasi.ro\">E-mail<\/a><\/li>\n          <\/ul><\/div>\n    <\/div>\n  <\/section>\n<section>\n    <div class=\"profile profile-imgonly\">\n      <div class=\"profile__image\"><img decoding=\"async\" src=\"https:\/\/sim.tuiasi.ro\/wp-content\/uploads\/2020\/10\/Petrica-Vizureanu.gif\" alt=\"Petric\u0103 VIZUREANU\"><\/a><\/div>\n      <div class=\"profile__info\">\n        <h3>Petric\u0103 VIZUREANU<\/h3>\n\t\t<h6>Professor (member)<\/h6>\n      <\/div>\n      <div class=\"profile__cta\"><ul>\n          <li><a href=\"https:\/\/sim.tuiasi.ro\/wp-content\/uploads\/2015\/03\/Vizureanu_P_CV.pdf\" target=\"_blank\" rel=\"noopener noreferrer\">CV<\/a><\/li>\n          <li><a href=\"https:\/\/sim.tuiasi.ro\/wp-content\/uploads\/2015\/03\/Vizureanu_P_lista_lucrari.pdf\" target=\"_blank\" rel=\"noopener noreferrer\">Research<\/a><\/li>\n          <li><a href=\"mailto:petrica.vizureanu@academic.tuiasi.ro\">E-mail<\/a><\/li>\n          <\/ul><\/div>\n    <\/div>\n  <\/section>\n  <section>\n    <div class=\"profile profile-imgonly\">\n      <div class=\"profile__image\"><img decoding=\"async\" src=\"https:\/\/sim.tuiasi.ro\/wp-content\/uploads\/2020\/11\/8387-Nicoleta-Monica-Lohan.gif\" alt=\"Nicoleta-Monica LOHAN\"><\/a><\/div>\n      <div class=\"profile__info\">\n        <h3>Nicoleta-Monica LOHAN<\/h3>\n\t\t<h6>Associate professor (member)<\/h6>\n      <\/div>\n      <div class=\"profile__cta\"><ul>\n          <li><a href=\"https:\/\/sim.tuiasi.ro\/wp-content\/uploads\/2023\/12\/CV_RO.M.Lohan_europass2023.pdf\" target=\"_blank\" rel=\"noopener noreferrer\">CV<\/a><\/li>\n          <li><a href=\"https:\/\/scholar.google.com\/citations?user=bIANqGsAAAAJ&amp;hl=ro\" target=\"_blank\" rel=\"noopener noreferrer\">Research<\/a><\/li>\n          <li><a href=\"mailto:nicoleta-monica.lohan@academic.tuiasi.ro\">E-mail<\/a><\/li>\n          <\/ul><\/div>\n    <\/div>\n  <\/section>\n<section>\n    <div class=\"profile profile-imgonly\">\n      <div class=\"profile__image\"><img decoding=\"async\" src=\"https:\/\/sim.tuiasi.ro\/wp-content\/uploads\/2021\/02\/Bogdan-Pricop_2.gif\" alt=\"Bogdan Pricop\"><\/a><\/div>\n      <div class=\"profile__info\">\n        <h3>Bogdan PRICOP<\/h3>\n\t\t<h6>Assistant professor (member)<\/h6>\n      <\/div>\n      <div class=\"profile__cta\"><ul>\n          <li><a href=\"https:\/\/sim.tuiasi.ro\/wp-content\/uploads\/2024\/10\/CV-Bogdan-Pricop_2023.pdf\" target=\"_blank\" rel=\"noopener noreferrer\">CV<\/a><\/li>\n          <li><a href=\"https:\/\/scholar.google.com\/citations?user=dIhMwRwAAAAJ&amp;hl=ro\" target=\"_blank\" rel=\"noopener noreferrer\">Research<\/a><\/li>\n          <li><a href=\"mailto:bogdan.pricop@academic.tuiasi.ro\">E-mail<\/a><\/li>\n          <\/ul><\/div>\n    <\/div>\n  <\/section>\n<section>\n    <div class=\"profile profile-imgonly\">\n      <div class=\"profile__image\"><img decoding=\"async\" src=\"https:\/\/sim.tuiasi.ro\/wp-content\/uploads\/2020\/10\/Manuela-Cristina-Perju.gif\" alt=\"Manuela-Cristina PERJU\"><\/a><\/div>\n      <div class=\"profile__info\">\n        <h3>Manuela-Cristina PERJU<\/h3>\n\t\t<h6>Assistant professor (member)<\/h6>\n      <\/div>\n      <div class=\"profile__cta\"><ul>\n          <li><a href=\"https:\/\/sim.tuiasi.ro\/wp-content\/uploads\/2015\/03\/Perju_M_C_CV.pdf\" target=\"_blank\" rel=\"noopener noreferrer\">CV<\/a><\/li>\n          <li><a href=\"https:\/\/sim.tuiasi.ro\/wp-content\/uploads\/2015\/03\/Perju_M_C_lista_lucrari.pdf\" target=\"_blank\" rel=\"noopener noreferrer\">Research<\/a><\/li>\n          <li><a href=\"mailto:manuela-cristina.perju@academic.tuiasi.ro\">E-mail<\/a><\/li>\n          <\/ul><\/div>\n    <\/div>\n  <\/section>\n<section>\n    <div class=\"profile profile-imgonly\">\n      <div class=\"profile__image\"><img decoding=\"async\" src=\"https:\/\/sim.tuiasi.ro\/wp-content\/uploads\/2020\/10\/Dragos-Cristian-Achitei.gif\" alt=\"Drago\u015f-Cristian ACHI\u0162EI\"><\/a><\/div>\n      <div class=\"profile__info\">\n        <h3>Drago\u015f-Cristian ACHI\u0162EI<\/h3>\n\t\t<h6>Assistant professor (member)<\/h6>\n      <\/div>\n      <div class=\"profile__cta\"><ul>\n          <li><a href=\"https:\/\/sim.tuiasi.ro\/wp-content\/uploads\/2018\/01\/Achitei_D_CV.pdf\" target=\"_blank\" rel=\"noopener noreferrer\">CV<\/a><\/li>\n          <li><a href=\"https:\/\/sim.tuiasi.ro\/wp-content\/uploads\/2018\/01\/Achitei_D_lista_lucrari.pdf\" target=\"_blank\" rel=\"noopener noreferrer\">Research<\/a><\/li>\n          <li><a href=\"mailto:dragos-cristian.achitei@academic.tuiasi.ro\">E-mail<\/a><\/li>\n          <\/ul><\/div>\n    <\/div>\n  <\/section>\n <section>\n    <div class=\"profile profile-imgonly\">\n      <div class=\"profile__image\"><img decoding=\"async\" src=\"https:\/\/sim.tuiasi.ro\/wp-content\/uploads\/2023\/11\/Chereches-E.I-poza.jpg\" alt=\"Elena-Ionela CHERECHE\u0218\"><\/a><\/div>\n      <div class=\"profile__info\">\n        <h3>Elena-Ionela CHERECHE\u0218<\/h3>\n\t\t<h6>Assistant Lecturer (member)<\/h6>\n      <\/div>\n      <div class=\"profile__cta\"><ul>\n          <li><a href=\"#\">CV<\/a><\/li>\n          <li><a href=\"#\">Research<\/a><\/li>\n          <li><a href=\"mailto:elena-ionela.chereches@academic.tuiasi.ro\">E-mail<\/a><\/li>\n          <\/ul><\/div>\n    <\/div>\n  <\/section>\n<section>\n    <div class=\"profile profile-imgonly\">\n      <div class=\"profile__image\"><img decoding=\"async\" src=\"https:\/\/sim.tuiasi.ro\/wp-content\/uploads\/2020\/10\/Catalin-Andrei-Tugui.gif\" alt=\"Andrei C\u0103t\u0103lin \u021aUGUI\"><\/a><\/div>\n      <div class=\"profile__info\">\n        <h3>Andrei C\u0103t\u0103lin \u021aUGUI<\/h3>\n\t\t<h6>Assistant professor (member)<\/h6>\n      <\/div>\n      <div class=\"profile__cta\"><ul>\n          <li><a href=\"https:\/\/sim.tuiasi.ro\/wp-content\/uploads\/2017\/12\/Tugui_C_CV.pdf\" target=\"_blank\" rel=\"noopener noreferrer\">CV<\/a><\/li>\n          <li><a href=\"https:\/\/sim.tuiasi.ro\/wp-content\/uploads\/2017\/12\/Tugui_C_lista-_lucrari.pdf\" target=\"_blank\" rel=\"noopener noreferrer\">Research<\/a><\/li>\n          <li><a href=\"mailto:catalin-andrei.tugui@academic.tuiasi.ro\">E-mail<\/a><\/li>\n          <\/ul><\/div>\n    <\/div>\n  <\/section>\n<section>\n    <div class=\"profile profile-imgonly\">\n      <div class=\"profile__image\"><img decoding=\"async\" src=\"https:\/\/sim.tuiasi.ro\/wp-content\/uploads\/2019\/04\/pic-barbat-8.png\" alt=\"Liviu Zupcu\"><\/a><\/div>\n      <div class=\"profile__info\">\n        <h3>Liviu Zupcu<\/h3>\n\t\t<h6>pHd student (member)<\/h6>\n      <\/div>\n      <div class=\"profile__cta\"><ul>\n          <li><a href=\"#\" target=\"_blank\" rel=\"noopener noreferrer\">CV<\/a><\/li>\n          <li><a href=\"#\" target=\"_blank\" rel=\"noopener noreferrer\">Research<\/a><\/li>\n          <li><a href=\"mailto:#\">E-mail<\/a><\/li>\n          <\/ul><\/div>\n    <\/div>\n  <\/section>\n<section>\n    <div class=\"profile profile-imgonly\">\n      <div class=\"profile__image\"><img decoding=\"async\" src=\"http:\/\/atnano.sim.tuiasi.ro\/wp-content\/uploads\/2025\/03\/Nicoleta-Cojocariu.jpg\" alt=\"Nicoleta Cojocariu\"><\/a><\/div>\n      <div class=\"profile__info\">\n        <h3>Nicoleta Cojocariu<\/h3>\n\t\t<h6>pHd student (member)<\/h6>\n      <\/div>\n      <div class=\"profile__cta\"><ul>\n          <li><a href=\"#\" target=\"_blank\" rel=\"noopener noreferrer\">CV<\/a><\/li>\n          <li><a href=\"#\" target=\"_blank\" rel=\"noopener noreferrer\">Research<\/a><\/li>\n          <li><a href=\"mailto:#\">E-mail<\/a><\/li>\n          <\/ul><\/div>\n    <\/div>\n  <\/section>\n<section>\n    <div class=\"profile profile-imgonly\">\n      <div class=\"profile__image\"><img decoding=\"async\" src=\"http:\/\/atnano.sim.tuiasi.ro\/wp-content\/uploads\/2025\/03\/George-Tofan.jpg\" alt=\"George C\u0103t\u0103lin Tofan\"><\/a><\/div>\n      <div class=\"profile__info\">\n        <h3>George C\u0103t\u0103lin Tofan<\/h3>\n\t\t<h6>pHd student (member)<\/h6>\n      <\/div>\n      <div class=\"profile__cta\"><ul>\n          <li><a href=\"#\" target=\"_blank\" rel=\"noopener noreferrer\">CV<\/a><\/li>\n          <li><a href=\"#\" target=\"_blank\" rel=\"noopener noreferrer\">Research<\/a><\/li>\n          <li><a href=\"mailto:#\">E-mail<\/a><\/li>\n          <\/ul><\/div>\n    <\/div>\n  <\/section>\n<\/div>\n<style class=\"advgb-styles-renderer\">\n\n\/*overall layout*\/\n.chenar {\n  margin: 3em auto 8em;\n  text-align: left;\n  max-width: 80vw !Important;\n\n}\n.profile__info h3 {\nfont: 700 19px\/1.2 \"Poppins\", sans-serif;\n    margin-bottom: 10px !Important;\n}\n.profile__info h6 {\nfont: 500 15px\/1.2 \"Poppins\", sans-serif;\n    margin-bottom: 10px !Important;\n    margin-top: 10px !Important;\n}\n\/*buttons & links*\/\na.button {\n  outline: none;\n  width: 100%;\n  text-align: center;\n  display: inline-block;\n  border: none;\n  font: 500 16px\/1 \"Poppins\", sans-serif;\n  padding: 20px;\n  cursor: pointer;\n  position: relative;\n  top: 0;\n  transition: 0.2s ease;\n}\na.button:hover, a.button.hover {\n  top: -3px;\n  box-shadow: 0 2px 5px rgba(0, 0, 0, 0.15);\n}\na.button:active, a.button.active {\n  outline: none;\n  box-shadow: inset 0 1px 2px rgba(0, 0, 0, 0.1);\n  top: 0;\n}\n.profile {\n  position: relative;\n  box-shadow: 0 3px 15px rgba(51, 51, 51, 0.2);\n  border-radius: 10px;\n  transition: 0.2s ease;\n}\n.profile__image img {\n  width: 100%;\n  height: 100%;\n  object-fit: cover;\n}\n\n.profile a:hover {\n  top: 0;\n  box-shadow: none;\n}\n.profile a:active, .profile a:focus {\n  top: 0;\n  box-shadow: none;\n}\n\n.profile-imgonly {\n  border-radius: 10px;\n  overflow: hidden;\n  max-width: 250px;\n  display: grid;\n  grid: 390px 0px\/100%;\n margin-left: auto;\n  margin-right: auto;\n}\n.profile-imgonly:hover {\n  grid: 334px 56px\/100%;\n}\n.profile-imgonly .profile__image, .profile-imgonly .profile__info {\n  grid-row: 1\/2;\n  grid-column: 1\/2;\n}\n.profile-imgonly .profile__image {\n  position: relative;\n}\n.profile-imgonly .profile__image:after {\n  content: \"\";\n  position: absolute;\n  bottom: 0;\n  left: 0;\n  width: 100%;\n  height: 30%;\n  background: linear-gradient(to top, rgba(0, 0, 0, 0.65), rgba(0, 0, 0, 0));\n}\n.profile-imgonly .profile__stats {\n  display: none;\n}\n.profile-imgonly .profile__info {\n  z-index: 5;\n  grid-row: 1\/2;\n  align-self: end;\n  margin: 10px 10px;\n  color: #fff;\n  text-shadow: 0 1px 4px rgba(0, 0, 0, 0.2);\n}\n.profile-imgonly .profile__info p {\n  display: none;\n}\n.profile-imgonly .profile__cta > ul {\ndisplay: grid;\ngrid-template-columns: 1fr 3fr 2fr;\nborder-radius: 0;\nmargin: 14px 0px !Important;\njustify-items: center;\nalign-items: center;\npadding-left: 0px !Important;\n}\n.profile-imgonly .profile__cta > ul > li {\nlist-style: none !Important;\nline-height: 1.2;\nmargin: 0px 0px !Important;\npadding: 0px 0px !Important;\n}\n.profile-imgonly .profile__aux > ul {\ndisplay: grid;\ngrid-template-columns: 1fr;\nborder-radius: 0;\nmargin: 14px 0px !Important;\njustify-items: center;\nalign-items: center;\npadding-left: 0px !Important;\n}\n.profile-imgonly .profile__aux > ul > li {\nlist-style: none !Important;\nline-height: 1.2;\nmargin: 0px 0px !Important;\npadding: 0px 0px !Important;\n}\n\n.chenar {\n  display: grid;\n  grid-gap: 30px;\n  grid-template-columns: repeat(auto-fit, minmax(250px, 1fr));\n  align-items: center;\n}\na[href$=\".pdf\"], a[href$=\".PDF\"] {\n    background-image: none !important; \n    background-position: unset !important; \n    background-repeat: none !important; \n    padding-left: unset !important; \n    background-size: unset; \n    padding-top: unset;\n}\n\/*.prof section:nth-child(4) {\n  grid-column: 2\/3;\n  }\n.sef section:nth-child(7) {\n  grid-column: 2\/3;\n  }*\/\n\n\n<\/style>","protected":false},"excerpt":{"rendered":"<p>Alina-Adriana MINEA Profesor Universitar, Dr.Ing. (Coordonator) CV List\u0103 lucr\u0103ri E-mail Petric\u0103 VIZUREANU Profesor Universitar, Dr.Ing.(membru) CV List\u0103 lucr\u0103ri E-mail Nicoleta-Monica LOHAN Conferen\u021biar Universitar, Dr.Ing.(membru) CV List\u0103 lucr\u0103ri E-mail Bogdan PRICOP \u015eef lucr\u0103ri, Dr.Ing.(membru) CV List\u0103 lucr\u0103ri E-mail Manuela-Cristina PERJU \u015eef lucr\u0103ri, Dr.Ing.(membru) CV List\u0103 lucr\u0103ri E-mail Drago\u015f-Cristian ACHI\u0162EI \u015eef lucr\u0103ri, Dr.Ing.(membru) CV List\u0103 lucr\u0103ri E-mail [&hellip;]<\/p>","protected":false},"author":2,"featured_media":0,"parent":0,"menu_order":0,"comment_status":"closed","ping_status":"closed","template":"","meta":{"advgb_blocks_editor_width":"","advgb_blocks_columns_visual_guide":"","footnotes":""},"class_list":["post-36","page","type-page","status-publish","hentry"],"coauthors":[],"author_meta":{"author_link":"https:\/\/atnano.sim.tuiasi.ro\/en\/author\/bogdan_atnano\/","display_name":"Bogdan_atnano"},"relative_dates":{"created":"Posted 1 year ago","modified":"Updated 1 year ago"},"absolute_dates":{"created":"Posted on January 22, 2025","modified":"Updated on March 11, 2025"},"absolute_dates_time":{"created":"Posted on January 22, 2025 2:46 pm","modified":"Updated on March 11, 2025 10:45 am"},"featured_img_caption":"","featured_img":false,"series_order":"","_links":{"self":[{"href":"https:\/\/atnano.sim.tuiasi.ro\/en\/wp-json\/wp\/v2\/pages\/36","targetHints":{"allow":["GET"]}}],"collection":[{"href":"https:\/\/atnano.sim.tuiasi.ro\/en\/wp-json\/wp\/v2\/pages"}],"about":[{"href":"https:\/\/atnano.sim.tuiasi.ro\/en\/wp-json\/wp\/v2\/types\/page"}],"author":[{"embeddable":true,"href":"https:\/\/atnano.sim.tuiasi.ro\/en\/wp-json\/wp\/v2\/users\/2"}],"replies":[{"embeddable":true,"href":"https:\/\/atnano.sim.tuiasi.ro\/en\/wp-json\/wp\/v2\/comments?post=36"}],"version-history":[{"count":5,"href":"https:\/\/atnano.sim.tuiasi.ro\/en\/wp-json\/wp\/v2\/pages\/36\/revisions"}],"predecessor-version":[{"id":156,"href":"https:\/\/atnano.sim.tuiasi.ro\/en\/wp-json\/wp\/v2\/pages\/36\/revisions\/156"}],"wp:attachment":[{"href":"https:\/\/atnano.sim.tuiasi.ro\/en\/wp-json\/wp\/v2\/media?parent=36"}],"curies":[{"name":"wp","href":"https:\/\/api.w.org\/{rel}","templated":true}]}}